	{"id":46,"date":"2013-07-26T14:33:46","date_gmt":"2013-07-26T17:33:46","guid":{"rendered":"http:\/\/graficaimagemprint.com.br\/?page_id=46"},"modified":"2021-11-22T14:33:24","modified_gmt":"2021-11-22T17:33:24","slug":"cartoes-de-visita","status":"publish","type":"page","link":"https:\/\/graficaimagemprint.com.br\/?page_id=46","title":{"rendered":"Cart\u00f5es de Visita"},"content":{"rendered":"<div id=\"attachment_245\" style=\"width: 215px\" class=\"wp-caption alignleft\"><a href=\"https:\/\/graficaimagemprint.com.br\/wp-content\/uploads\/2013\/07\/cart\u00e3o-de-visita.png\"><img loading=\"lazy\" decoding=\"async\" aria-describedby=\"caption-attachment-245\" class=\" wp-image-245 \" title=\"Cart\u00e3o de Visita Expresso\" src=\"https:\/\/graficaimagemprint.com.br\/wp-content\/uploads\/2013\/07\/cart\u00e3o-de-visita.png\" alt=\"cart\u00e3o de visita\" width=\"205\" height=\"166\" srcset=\"https:\/\/graficaimagemprint.com.br\/wp-content\/uploads\/2013\/07\/cart\u00e3o-de-visita.png 341w, https:\/\/graficaimagemprint.com.br\/wp-content\/uploads\/2013\/07\/cart\u00e3o-de-visita-300x242.png 300w\" sizes=\"auto, (max-width: 205px) 100vw, 205px\" \/><\/a><p id=\"caption-attachment-245\" class=\"wp-caption-text\">Cart\u00e3o de Visita Expresso<\/p><\/div>\n<h3 style=\"text-align: center;\"><strong><span style=\"color: #0000ff;\">\u00a0Cart\u00e3o de Visita Expresso<\/span><\/strong><\/h3>\n<address style=\"text-align: center;\"><em>-tamanho 5x9cm<\/em><\/address>\n<address style=\"text-align: center;\"><em>-impress\u00e3o colorida s\u00f3 frente<\/em><\/address>\n<address style=\"text-align: center;\"><em>-papel couche 250gr<\/em><\/address>\n<h5 style=\"text-align: center;\"><strong><span style=\"color: #ff00ff;\">100 und. &#8211; R$ 45,00<\/span><\/strong><\/h5>\n<h5 style=\"text-align: center;\"><strong><span style=\"color: #ff00ff;\">200 und. &#8211; R$ 70,00<\/span><\/strong><\/h5>\n<p>&nbsp;<\/p>\n<div id=\"attachment_244\" style=\"width: 220px\" class=\"wp-caption alignleft\"><a href=\"https:\/\/graficaimagemprint.com.br\/wp-content\/uploads\/2013\/07\/cart\u00e3o-de-visita-1.png\"><img loading=\"lazy\" decoding=\"async\" aria-describedby=\"caption-attachment-244\" class=\" wp-image-244 \" title=\"Cart\u00e3o de Visita\" src=\"https:\/\/graficaimagemprint.com.br\/wp-content\/uploads\/2013\/07\/cart\u00e3o-de-visita-1.png\" alt=\"cart\u00e3o de visita 1\" width=\"210\" height=\"155\" \/><\/a><p id=\"caption-attachment-244\" class=\"wp-caption-text\">Cart\u00e3o de Visita<\/p><\/div>\n<h3 style=\"text-align: center;\"><strong><span style=\"color: #0000ff;\">Cart\u00e3o de Visita<\/span><\/strong><\/h3>\n<address style=\"text-align: center;\"><em>-tamanho 5x9cm<\/em><\/address>\n<address style=\"text-align: center;\"><em>-impress\u00e3o colorida na frente, preta no verso<\/em><\/address>\n<address style=\"text-align: center;\"><em>-papel supremo 300gr<\/em><\/address>\n<address style=\"text-align: center;\"><em>-plastifica\u00e7\u00e3o na frente<\/em><\/address>\n<p style=\"text-align: center;\"><strong><span style=\"color: #ff00ff;\">1.000 und. &#8211; R$<\/span><\/strong><\/p>\n<div id=\"attachment_243\" style=\"width: 228px\" class=\"wp-caption alignleft\"><a href=\"https:\/\/graficaimagemprint.com.br\/wp-content\/uploads\/2013\/07\/Cart\u00e3o-Executivo.png\"><img loading=\"lazy\" decoding=\"async\" aria-describedby=\"caption-attachment-243\" class=\" wp-image-243 \" title=\"Cart\u00e3o de Visita Executivo\" src=\"https:\/\/graficaimagemprint.com.br\/wp-content\/uploads\/2013\/07\/Cart\u00e3o-Executivo.png\" alt=\"Cart\u00e3o Executivo\" width=\"218\" height=\"164\" \/><\/a><p id=\"caption-attachment-243\" class=\"wp-caption-text\">Cart\u00e3o de Visita Executivo<\/p><\/div>\n<h3 style=\"text-align: center;\"><strong><span style=\"color: #0000ff;\">Cart\u00e3o de Visita Executivo<\/span><\/strong><\/h3>\n<p style=\"text-align: center;\"><em>-tamanho 5x9cm<\/em><\/p>\n<p style=\"text-align: center;\"><em>-impress\u00e3o colorida frente e verso<\/em><\/p>\n<p style=\"text-align: center;\"><em>-papel couche 300gr<\/em><\/p>\n<p style=\"text-align: center;\"><em>-prolan e verniz localizado frente e verso<\/em><\/p>\n<h5 style=\"text-align: center;\"><strong><span style=\"color: #ff00ff;\">500 und. &#8211; R$\u00a0<\/span><\/strong><\/h5>\n<h5 style=\"text-align: center;\"><strong><span style=\"color: #ff00ff;\">1.000 und. &#8211; R$\u00a0<\/span><\/strong><\/h5>\n","protected":false},"excerpt":{"rendered":"<p>\u00a0Cart\u00e3o de Visita Expresso -tamanho 5x9cm -impress\u00e3o colorida s\u00f3 frente -papel couche 250gr 100 und. &#8211; R$ 45,00 200 und. &#8211; R$ 70,00 &nbsp; Cart\u00e3o de Visita -tamanho 5x9cm -impress\u00e3o colorida na frente, preta no verso -papel supremo 300gr -plastifica\u00e7\u00e3o na frente 1.000 und. &#8211; R$ Cart\u00e3o de Visita Executivo -tamanho 5x9cm -impress\u00e3o colorida frente [&hellip;]<\/p>\n","protected":false},"author":1,"featured_media":0,"parent":42,"menu_order":0,"comment_status":"closed","ping_status":"closed","template":"","meta":{"footnotes":""},"class_list":["post-46","page","type-page","status-publish","hentry"],"_links":{"self":[{"href":"https:\/\/graficaimagemprint.com.br\/index.php?rest_route=\/wp\/v2\/pages\/46","targetHints":{"allow":["GET"]}}],"collection":[{"href":"https:\/\/graficaimagemprint.com.br\/index.php?rest_route=\/wp\/v2\/pages"}],"about":[{"href":"https:\/\/graficaimagemprint.com.br\/index.php?rest_route=\/wp\/v2\/types\/page"}],"author":[{"embeddable":true,"href":"https:\/\/graficaimagemprint.com.br\/index.php?rest_route=\/wp\/v2\/users\/1"}],"replies":[{"embeddable":true,"href":"https:\/\/graficaimagemprint.com.br\/index.php?rest_route=%2Fwp%2Fv2%2Fcomments&post=46"}],"version-history":[{"count":12,"href":"https:\/\/graficaimagemprint.com.br\/index.php?rest_route=\/wp\/v2\/pages\/46\/revisions"}],"predecessor-version":[{"id":650,"href":"https:\/\/graficaimagemprint.com.br\/index.php?rest_route=\/wp\/v2\/pages\/46\/revisions\/650"}],"up":[{"embeddable":true,"href":"https:\/\/graficaimagemprint.com.br\/index.php?rest_route=\/wp\/v2\/pages\/42"}],"wp:attachment":[{"href":"https:\/\/graficaimagemprint.com.br\/index.php?rest_route=%2Fwp%2Fv2%2Fmedia&parent=46"}],"curies":[{"name":"wp","href":"https:\/\/api.w.org\/{rel}","templated":true}]}}