	{"id":44,"date":"2013-07-26T14:32:59","date_gmt":"2013-07-26T17:32:59","guid":{"rendered":"http:\/\/graficaimagemprint.com.br\/?page_id=44"},"modified":"2021-11-22T14:36:07","modified_gmt":"2021-11-22T17:36:07","slug":"imas-de-geladeira","status":"publish","type":"page","link":"https:\/\/graficaimagemprint.com.br\/?page_id=44","title":{"rendered":"Im\u00e3s de Geladeira"},"content":{"rendered":"<p>&nbsp;<\/p>\n<div id=\"attachment_175\" style=\"width: 357px\" class=\"wp-caption alignleft\"><a href=\"https:\/\/graficaimagemprint.com.br\/wp-content\/uploads\/2013\/07\/IMA-DE-GELADEIRA.png\"><img loading=\"lazy\" decoding=\"async\" aria-describedby=\"caption-attachment-175\" class=\" wp-image-175 \" title=\"Im\u00e3 de Geladeira\" src=\"https:\/\/graficaimagemprint.com.br\/wp-content\/uploads\/2013\/07\/IMA-DE-GELADEIRA.png\" alt=\"IMA DE GELADEIRA\" width=\"347\" height=\"310\" \/><\/a><p id=\"caption-attachment-175\" class=\"wp-caption-text\">Im\u00e3 de Geladeira<\/p><\/div>\n<h3 style=\"text-align: center;\"><strong><span style=\"color: #0000ff;\">Im\u00e3 de Geladeira<\/span><\/strong><\/h3>\n<address style=\"text-align: center;\"><em>-tamanho 5x4cm<\/em><\/address>\n<address style=\"text-align: center;\"><em>-impress\u00e3o colorida<\/em><\/address>\n<address style=\"text-align: center;\"><em>\u00a0-recorte especial<\/em><\/address>\n<address style=\"text-align: center;\"><em>\u00a0-todo imantado no verso<\/em><\/address>\n<address style=\"text-align: center;\"><em>-plastifica\u00e7\u00e3o t\u00e9rmica na frente<\/em><\/address>\n<h5 style=\"text-align: center;\"><strong><span style=\"color: #ff00ff;\">1.000 und. &#8211; R$\u00a0<\/span><\/strong><\/h5>\n<h5 style=\"text-align: center;\"><\/h5>\n<h5 style=\"text-align: center;\"><\/h5>\n<h5 style=\"text-align: center;\"><\/h5>\n<h5 style=\"text-align: center;\"><span style=\"color: #ff00ff;\">\u00a0<\/span><\/h5>\n<div id=\"attachment_173\" style=\"width: 213px\" class=\"wp-caption alignleft\"><a href=\"https:\/\/graficaimagemprint.com.br\/wp-content\/uploads\/2013\/07\/IMA-DE-GELADEIRA-CALENDARIO.png\"><img loading=\"lazy\" decoding=\"async\" aria-describedby=\"caption-attachment-173\" class=\"wp-image-173 \" title=\"Im\u00e3 de Geladeira com Calend\u00e1rio\" src=\"https:\/\/graficaimagemprint.com.br\/wp-content\/uploads\/2013\/07\/IMA-DE-GELADEIRA-CALENDARIO.png\" alt=\"IMA DE GELADEIRA CALENDARIO\" width=\"203\" height=\"255\" srcset=\"https:\/\/graficaimagemprint.com.br\/wp-content\/uploads\/2013\/07\/IMA-DE-GELADEIRA-CALENDARIO.png 452w, https:\/\/graficaimagemprint.com.br\/wp-content\/uploads\/2013\/07\/IMA-DE-GELADEIRA-CALENDARIO-238x300.png 238w\" sizes=\"auto, (max-width: 203px) 100vw, 203px\" \/><\/a><p id=\"caption-attachment-173\" class=\"wp-caption-text\">Calend\u00e1rio<\/p><\/div>\n<h3 style=\"text-align: center;\"><\/h3>\n<h3 style=\"text-align: center;\"><strong><span style=\"color: #0000ff;\">Im\u00e3 de Geladeira <\/span><\/strong><strong><span style=\"color: #0000ff;\">com Calend\u00e1rio<\/span><br \/>\n<\/strong><\/h3>\n<address style=\"text-align: center;\"><em>\u00a0-tamanho 5&#215;3,4cm<\/em><\/address>\n<address style=\"text-align: center;\"><em>-impress\u00e3o colorida<\/em><\/address>\n<address style=\"text-align: center;\"><em>\u00a0-recorte especial<\/em><\/address>\n<address style=\"text-align: center;\"><em>\u00a0-todo imantado no verso<\/em><\/address>\n<address style=\"text-align: center;\"><em>-plastifica\u00e7\u00e3o t\u00e9rmica na frente<\/em><\/address>\n<address style=\"text-align: center;\"><em>*Calend\u00e1rio padr\u00e3o, tam. 5x4cm, com impress\u00e3o 2 cores<\/em><\/address>\n<h5 style=\"text-align: center;\"><strong><span style=\"color: #ff00ff;\">1.000 und. &#8211;\u00a0consulte<\/span><\/strong><\/h5>\n<p>&nbsp;<\/p>\n<p>&nbsp;<\/p>\n<p>&nbsp;<\/p>\n<div id=\"attachment_172\" style=\"width: 196px\" class=\"wp-caption alignleft\"><a href=\"https:\/\/graficaimagemprint.com.br\/wp-content\/uploads\/2013\/07\/IMA-DE-GELADEIRA-ANOTA\u00c7OES.png\"><img loading=\"lazy\" decoding=\"async\" aria-describedby=\"caption-attachment-172\" class=\" wp-image-172 \" title=\"Im\u00e3 de Geladeira com Anota\u00e7\u00f5es\" src=\"https:\/\/graficaimagemprint.com.br\/wp-content\/uploads\/2013\/07\/IMA-DE-GELADEIRA-ANOTA\u00c7OES.png\" alt=\"IMA DE GELADEIRA ANOTA\u00c7OES\" width=\"186\" height=\"317\" \/><\/a><p id=\"caption-attachment-172\" class=\"wp-caption-text\">Bloco de Anota\u00e7\u00f5es<\/p><\/div>\n<h3 style=\"text-align: center;\"><span style=\"color: #0000ff;\"><strong>Im\u00e3 de Geladeira <\/strong><\/span><strong><span style=\"color: #0000ff;\">com Anota\u00e7\u00f5es<\/span><\/strong><\/h3>\n<address style=\"text-align: center;\"><em>\u00a0 -tamanho 5&#215;3,4cm<\/em><\/address>\n<address style=\"text-align: center;\"><em>-impress\u00e3o colorida<\/em><\/address>\n<address style=\"text-align: center;\"><em> -recorte especial<\/em><\/address>\n<address style=\"text-align: center;\"><em> -todo imantado no verso<\/em><\/address>\n<address style=\"text-align: center;\"><em>-plastifica\u00e7\u00e3o t\u00e9rmica na frente<\/em><\/address>\n<address style=\"text-align: center;\"><em>*Bloco padr\u00e3o, tam. 5x7cm, com 15 folhas<\/em><\/address>\n<h5 style=\"text-align: center;\"><span style=\"color: #ff00ff;\"><strong>1.000 und. &#8211;\u00a0consulte<\/strong><\/span><\/h5>\n<p>&nbsp;<\/p>\n<p>&nbsp;<\/p>\n<p>&nbsp;<\/p>\n<p>&nbsp;<\/p>\n<p>&nbsp;<\/p>\n<p>&nbsp;<\/p>\n<div id=\"attachment_174\" style=\"width: 332px\" class=\"wp-caption alignleft\"><a href=\"https:\/\/graficaimagemprint.com.br\/wp-content\/uploads\/2013\/07\/IMA-DE-GELADEIRA-PORTA-RETRATO.png\"><img loading=\"lazy\" decoding=\"async\" aria-describedby=\"caption-attachment-174\" class=\"wp-image-174 \" title=\"Im\u00e3 de Geladeira Porta Retrato\" src=\"https:\/\/graficaimagemprint.com.br\/wp-content\/uploads\/2013\/07\/IMA-DE-GELADEIRA-PORTA-RETRATO.png\" alt=\"IMA DE GELADEIRA PORTA RETRATO\" width=\"322\" height=\"201\" srcset=\"https:\/\/graficaimagemprint.com.br\/wp-content\/uploads\/2013\/07\/IMA-DE-GELADEIRA-PORTA-RETRATO.png 637w, https:\/\/graficaimagemprint.com.br\/wp-content\/uploads\/2013\/07\/IMA-DE-GELADEIRA-PORTA-RETRATO-300x186.png 300w\" sizes=\"auto, (max-width: 322px) 100vw, 322px\" \/><\/a><p id=\"caption-attachment-174\" class=\"wp-caption-text\">Porta Retrato Magn\u00e9tico<\/p><\/div>\n<h3 style=\"text-align: center;\"><span style=\"color: #0000ff;\"><strong>Im\u00e3 de Geladeira <\/strong><strong>Porta Retrato<\/strong><\/span><\/h3>\n<address style=\"text-align: center;\"><em>\u00a0 -tamanho 10x14cm<\/em><\/address>\n<address style=\"text-align: center;\"><em>-impress\u00e3o colorida<\/em><\/address>\n<address style=\"text-align: center;\"><em>-recorte especial<\/em><\/address>\n<address style=\"text-align: center;\"><em>-todo imantado no verso<\/em><\/address>\n<address style=\"text-align: center;\"><em>-plastifica\u00e7\u00e3o t\u00e9rmica na frente<\/em><\/address>\n<h5 style=\"text-align: center;\"><span style=\"color: #ff00ff;\"><strong>1.000 und. &#8211; consulte<\/strong><\/span><\/h5>\n","protected":false},"excerpt":{"rendered":"<p>&nbsp; Im\u00e3 de Geladeira -tamanho 5x4cm -impress\u00e3o colorida \u00a0-recorte especial \u00a0-todo imantado no verso -plastifica\u00e7\u00e3o t\u00e9rmica na frente 1.000 und. &#8211; R$\u00a0 \u00a0 Im\u00e3 de Geladeira com Calend\u00e1rio \u00a0-tamanho 5&#215;3,4cm -impress\u00e3o colorida \u00a0-recorte especial \u00a0-todo imantado no verso -plastifica\u00e7\u00e3o t\u00e9rmica na frente *Calend\u00e1rio padr\u00e3o, tam. 5x4cm, com impress\u00e3o 2 cores 1.000 und. &#8211;\u00a0consulte &nbsp; &nbsp; [&hellip;]<\/p>\n","protected":false},"author":1,"featured_media":0,"parent":42,"menu_order":1,"comment_status":"closed","ping_status":"closed","template":"","meta":{"footnotes":""},"class_list":["post-44","page","type-page","status-publish","hentry"],"_links":{"self":[{"href":"https:\/\/graficaimagemprint.com.br\/index.php?rest_route=\/wp\/v2\/pages\/44","targetHints":{"allow":["GET"]}}],"collection":[{"href":"https:\/\/graficaimagemprint.com.br\/index.php?rest_route=\/wp\/v2\/pages"}],"about":[{"href":"https:\/\/graficaimagemprint.com.br\/index.php?rest_route=\/wp\/v2\/types\/page"}],"author":[{"embeddable":true,"href":"https:\/\/graficaimagemprint.com.br\/index.php?rest_route=\/wp\/v2\/users\/1"}],"replies":[{"embeddable":true,"href":"https:\/\/graficaimagemprint.com.br\/index.php?rest_route=%2Fwp%2Fv2%2Fcomments&post=44"}],"version-history":[{"count":30,"href":"https:\/\/graficaimagemprint.com.br\/index.php?rest_route=\/wp\/v2\/pages\/44\/revisions"}],"predecessor-version":[{"id":653,"href":"https:\/\/graficaimagemprint.com.br\/index.php?rest_route=\/wp\/v2\/pages\/44\/revisions\/653"}],"up":[{"embeddable":true,"href":"https:\/\/graficaimagemprint.com.br\/index.php?rest_route=\/wp\/v2\/pages\/42"}],"wp:attachment":[{"href":"https:\/\/graficaimagemprint.com.br\/index.php?rest_route=%2Fwp%2Fv2%2Fmedia&parent=44"}],"curies":[{"name":"wp","href":"https:\/\/api.w.org\/{rel}","templated":true}]}}