	{"id":42,"date":"2013-07-26T14:29:40","date_gmt":"2013-07-26T17:29:40","guid":{"rendered":"http:\/\/graficaimagemprint.com.br\/?page_id=42"},"modified":"2013-08-04T20:37:38","modified_gmt":"2013-08-04T23:37:38","slug":"servicos","status":"publish","type":"page","link":"https:\/\/graficaimagemprint.com.br\/?page_id=42","title":{"rendered":"Servi\u00e7os"},"content":{"rendered":"<h4 style=\"text-align: center;\"><strong>Nos preocupamos em oferecer para nossos clientes os servi\u00e7os que mais se encaixam com cada perfil, tentando sempre reduzir os custos e oferecer sempre uma \u00f3tima qualidade. Trabalhamos com impressos em offset, laser e digital.<\/strong><\/h4>\n<h4><span style=\"color: #ff00ff;\">Alguns de nossos servi\u00e7os:<\/span><\/h4>\n<h6><strong>-Im\u00e3s de geladeira<\/strong><\/h6>\n<h6><strong>-Panfletos<\/strong><\/h6>\n<h6><strong>-Folders<\/strong><\/h6>\n<h6><strong>-Encartes<\/strong><\/h6>\n<h6><strong>-Cart\u00f5es de Visita<\/strong><\/h6>\n<h6><strong>-Etiquetas<\/strong><\/h6>\n<h6><strong>-Comandas<\/strong><\/h6>\n<h6><strong>-Receitu\u00e1rios<\/strong><\/h6>\n<h6><strong>-Blocos de Pedido<\/strong><\/h6>\n<h6><strong>-Tal\u00f5es de Or\u00e7amento<\/strong><\/h6>\n<h6><strong>-Fichas<\/strong><\/h6>\n<h6><strong>-Calend\u00e1rios<\/strong><\/h6>\n<h6><strong>-Marcador de P\u00e1gina<\/strong><\/h6>\n<h6><strong>-Tags<\/strong><\/h6>\n<h6><strong>-Tal\u00e3o de Nota Fiscal de Presta\u00e7\u00e3o de Servi\u00e7o<\/strong><\/h6>\n<h6><strong>-Folha Timbrada<\/strong><\/h6>\n<h6><strong>-Recibos<\/strong><\/h6>\n<h6><strong>-Envelopes<\/strong><\/h6>\n<h6><strong>-Carnes<\/strong><\/h6>\n<h6><strong>-Cartazes<\/strong><\/h6>\n<h6><strong>-Adesivos<\/strong><\/h6>\n<h6><strong>-Adeviso Perfurite para Carro e Vitrine<\/strong><\/h6>\n<h6><strong>-Banner \/ Faixa<\/strong><\/h6>\n<h6><strong>-Lona para Fachada<\/strong><\/h6>\n<h6><strong>-Im\u00e3 para Lembrancinha<\/strong><\/h6>\n<h6><strong>-Convites<\/strong><\/h6>\n<h6><strong>-Impressos para Personaliza\u00e7\u00e3o de Festas<\/strong><\/h6>\n<h3 style=\"text-align: center;\"><strong><span style=\"color: #0000ff;\">Fa\u00e7a seu Or\u00e7amento Conosco!!!<\/span><\/strong><\/h3>\n<p>&nbsp;<\/p>\n<p>&nbsp;<\/p>\n","protected":false},"excerpt":{"rendered":"<p>Nos preocupamos em oferecer para nossos clientes os servi\u00e7os que mais se encaixam com cada perfil, tentando sempre reduzir os custos e oferecer sempre uma \u00f3tima qualidade. Trabalhamos com impressos em offset, laser e digital. Alguns de nossos servi\u00e7os: -Im\u00e3s de geladeira -Panfletos -Folders -Encartes -Cart\u00f5es de Visita -Etiquetas -Comandas -Receitu\u00e1rios -Blocos de Pedido -Tal\u00f5es [&hellip;]<\/p>\n","protected":false},"author":1,"featured_media":0,"parent":0,"menu_order":2,"comment_status":"open","ping_status":"open","template":"","meta":{"footnotes":""},"class_list":["post-42","page","type-page","status-publish","hentry"],"_links":{"self":[{"href":"https:\/\/graficaimagemprint.com.br\/index.php?rest_route=\/wp\/v2\/pages\/42","targetHints":{"allow":["GET"]}}],"collection":[{"href":"https:\/\/graficaimagemprint.com.br\/index.php?rest_route=\/wp\/v2\/pages"}],"about":[{"href":"https:\/\/graficaimagemprint.com.br\/index.php?rest_route=\/wp\/v2\/types\/page"}],"author":[{"embeddable":true,"href":"https:\/\/graficaimagemprint.com.br\/index.php?rest_route=\/wp\/v2\/users\/1"}],"replies":[{"embeddable":true,"href":"https:\/\/graficaimagemprint.com.br\/index.php?rest_route=%2Fwp%2Fv2%2Fcomments&post=42"}],"version-history":[{"count":8,"href":"https:\/\/graficaimagemprint.com.br\/index.php?rest_route=\/wp\/v2\/pages\/42\/revisions"}],"predecessor-version":[{"id":257,"href":"https:\/\/graficaimagemprint.com.br\/index.php?rest_route=\/wp\/v2\/pages\/42\/revisions\/257"}],"wp:attachment":[{"href":"https:\/\/graficaimagemprint.com.br\/index.php?rest_route=%2Fwp%2Fv2%2Fmedia&parent=42"}],"curies":[{"name":"wp","href":"https:\/\/api.w.org\/{rel}","templated":true}]}}