	{"id":285,"date":"2013-08-05T10:59:25","date_gmt":"2013-08-05T13:59:25","guid":{"rendered":"http:\/\/graficaimagemprint.com.br\/?page_id=285"},"modified":"2021-11-22T14:34:53","modified_gmt":"2021-11-22T17:34:53","slug":"lembrancinha-ima","status":"publish","type":"page","link":"https:\/\/graficaimagemprint.com.br\/?page_id=285","title":{"rendered":"Lembrancinha Im\u00e3"},"content":{"rendered":"<div id=\"attachment_286\" style=\"width: 284px\" class=\"wp-caption alignleft\"><a href=\"https:\/\/graficaimagemprint.com.br\/wp-content\/uploads\/2013\/08\/lembrancinha-im\u00e3.png\"><img loading=\"lazy\" decoding=\"async\" aria-describedby=\"caption-attachment-286\" class=\"size-full wp-image-286 \" title=\"Lembrancinha Im\u00e3\" src=\"https:\/\/graficaimagemprint.com.br\/wp-content\/uploads\/2013\/08\/lembrancinha-im\u00e3.png\" alt=\"lembrancinha im\u00e3\" width=\"274\" height=\"225\" \/><\/a><p id=\"caption-attachment-286\" class=\"wp-caption-text\">Lembrancinha Im\u00e3<\/p><\/div>\n<h5 style=\"text-align: center;\"><span style=\"color: #0000ff;\"><strong>\u00a0<span style=\"color: #ff00ff;\">Seus Convidados v\u00e3o Adorar!!!!<\/span><\/strong><\/span><\/h5>\n<h4 style=\"text-align: center;\"><span style=\"color: #0000ff;\"><strong>Lembrancinha Im\u00e3<\/strong><\/span><\/h4>\n<address style=\"text-align: center;\"><em>-impress\u00e3o colorida<\/em><\/address>\n<address style=\"text-align: center;\"><em>-todo imantado no verso<\/em><\/address>\n<address style=\"text-align: center;\"><em>*tamanho 5x7cm<\/em><\/address>\n<h5 style=\"text-align: center;\"><strong><span style=\"color: #ff00ff;\">50 und. &#8211; R$<\/span><\/strong><\/h5>\n<address style=\"text-align: center;\"><em>*tamanho 10x7cm<\/em><\/address>\n<h5 style=\"text-align: center;\"><span style=\"color: #ff00ff;\"><strong>50 und. &#8211; R$<\/strong><\/span><\/h5>\n<p>&nbsp;<\/p>\n","protected":false},"excerpt":{"rendered":"<p>\u00a0Seus Convidados v\u00e3o Adorar!!!! Lembrancinha Im\u00e3 -impress\u00e3o colorida -todo imantado no verso *tamanho 5x7cm 50 und. &#8211; R$ *tamanho 10x7cm 50 und. &#8211; R$ &nbsp;<\/p>\n","protected":false},"author":1,"featured_media":0,"parent":42,"menu_order":0,"comment_status":"closed","ping_status":"closed","template":"","meta":{"footnotes":""},"class_list":["post-285","page","type-page","status-publish","hentry"],"_links":{"self":[{"href":"https:\/\/graficaimagemprint.com.br\/index.php?rest_route=\/wp\/v2\/pages\/285","targetHints":{"allow":["GET"]}}],"collection":[{"href":"https:\/\/graficaimagemprint.com.br\/index.php?rest_route=\/wp\/v2\/pages"}],"about":[{"href":"https:\/\/graficaimagemprint.com.br\/index.php?rest_route=\/wp\/v2\/types\/page"}],"author":[{"embeddable":true,"href":"https:\/\/graficaimagemprint.com.br\/index.php?rest_route=\/wp\/v2\/users\/1"}],"replies":[{"embeddable":true,"href":"https:\/\/graficaimagemprint.com.br\/index.php?rest_route=%2Fwp%2Fv2%2Fcomments&post=285"}],"version-history":[{"count":10,"href":"https:\/\/graficaimagemprint.com.br\/index.php?rest_route=\/wp\/v2\/pages\/285\/revisions"}],"predecessor-version":[{"id":652,"href":"https:\/\/graficaimagemprint.com.br\/index.php?rest_route=\/wp\/v2\/pages\/285\/revisions\/652"}],"up":[{"embeddable":true,"href":"https:\/\/graficaimagemprint.com.br\/index.php?rest_route=\/wp\/v2\/pages\/42"}],"wp:attachment":[{"href":"https:\/\/graficaimagemprint.com.br\/index.php?rest_route=%2Fwp%2Fv2%2Fmedia&parent=285"}],"curies":[{"name":"wp","href":"https:\/\/api.w.org\/{rel}","templated":true}]}}