	{"id":220,"date":"2013-08-04T11:22:30","date_gmt":"2013-08-04T14:22:30","guid":{"rendered":"http:\/\/graficaimagemprint.com.br\/?page_id=220"},"modified":"2021-11-22T14:34:16","modified_gmt":"2021-11-22T17:34:16","slug":"receituarios","status":"publish","type":"page","link":"https:\/\/graficaimagemprint.com.br\/?page_id=220","title":{"rendered":"Receitu\u00e1rios"},"content":{"rendered":"<div id=\"attachment_221\" style=\"width: 193px\" class=\"wp-caption alignleft\"><a href=\"https:\/\/graficaimagemprint.com.br\/wp-content\/uploads\/2013\/08\/Receitu\u00e1rio-Colorido.png\"><img loading=\"lazy\" decoding=\"async\" aria-describedby=\"caption-attachment-221\" class=\" wp-image-221 \" title=\"Receitu\u00e1rio Colorido\" src=\"https:\/\/graficaimagemprint.com.br\/wp-content\/uploads\/2013\/08\/Receitu\u00e1rio-Colorido.png\" alt=\"Receitu\u00e1rio Colorido\" width=\"183\" height=\"244\" \/><\/a><p id=\"caption-attachment-221\" class=\"wp-caption-text\">Receitu\u00e1rio Colorido<\/p><\/div>\n<h3 style=\"text-align: center;\">\u00a0<strong><span style=\"color: #0000ff;\">Receitu\u00e1rio Colorido<\/span><\/strong><\/h3>\n<address style=\"text-align: center;\"><em>-tamanho 14x20cm<\/em><\/address>\n<address style=\"text-align: center;\"><em>-impress\u00e3o 4&#215;0<\/em><\/address>\n<address style=\"text-align: center;\"><em>-papel offset 75gr branco<\/em><\/address>\n<address style=\"text-align: center;\"><em>-blocos com 50 folhas<\/em><\/address>\n<h5 style=\"text-align: center;\"><strong><span style=\"color: #ff00ff;\">40 blocos &#8211; R$ consulte<\/span><\/strong><\/h5>\n<h5 style=\"text-align: center;\"><strong><span style=\"color: #ff00ff;\">80 blocos &#8211; R$ consulte<\/span><\/strong><\/h5>\n<p>&nbsp;<\/p>\n<p>&nbsp;<\/p>\n<p>&nbsp;<\/p>\n<p>&nbsp;<\/p>\n<div id=\"attachment_222\" style=\"width: 189px\" class=\"wp-caption alignleft\"><a href=\"https:\/\/graficaimagemprint.com.br\/wp-content\/uploads\/2013\/08\/receitu\u00e1rio-1-cor.png\"><img loading=\"lazy\" decoding=\"async\" aria-describedby=\"caption-attachment-222\" class=\"size-full wp-image-222 \" title=\"Receitu\u00e1rio 1 Cor\" src=\"https:\/\/graficaimagemprint.com.br\/wp-content\/uploads\/2013\/08\/receitu\u00e1rio-1-cor.png\" alt=\"receitu\u00e1rio 1 cor\" width=\"179\" height=\"246\" \/><\/a><p id=\"caption-attachment-222\" class=\"wp-caption-text\">Receitu\u00e1rio 1 Cor<\/p><\/div>\n<h3 style=\"text-align: center;\">\u00a0<strong><span style=\"color: #0000ff;\">Receitu\u00e1rio 1 Cor<\/span><\/strong><\/h3>\n<address style=\"text-align: center;\"><em>-tamanho 14x20cm<\/em><\/address>\n<address style=\"text-align: center;\"><em>-impress\u00e3o 1 cor<\/em><\/address>\n<address style=\"text-align: center;\"><em>-papel offset 75gr branco<\/em><\/address>\n<address style=\"text-align: center;\"><em>-blocos com 50 folhas<\/em><\/address>\n<h5 style=\"text-align: center;\"><strong><span style=\"color: #ff00ff;\">10 blocos &#8211; R$<\/span><\/strong><\/h5>\n<h5 style=\"text-align: center;\"><strong><span style=\"color: #ff00ff;\">20 blocos &#8211; R$<\/span><\/strong><\/h5>\n<h2 style=\"text-align: center;\"><\/h2>\n<h2 style=\"text-align: center;\"><\/h2>\n<h2 style=\"text-align: center;\"><\/h2>\n<h4 style=\"text-align: center;\"><span style=\"color: #0000ff;\"><strong>Consulte Receitu\u00e1rios de Controle Especial, Receita Azul.<\/strong><\/span><\/h4>\n","protected":false},"excerpt":{"rendered":"<p>\u00a0Receitu\u00e1rio Colorido -tamanho 14x20cm -impress\u00e3o 4&#215;0 -papel offset 75gr branco -blocos com 50 folhas 40 blocos &#8211; R$ consulte 80 blocos &#8211; R$ consulte &nbsp; &nbsp; &nbsp; &nbsp; \u00a0Receitu\u00e1rio 1 Cor -tamanho 14x20cm -impress\u00e3o 1 cor -papel offset 75gr branco -blocos com 50 folhas 10 blocos &#8211; R$ 20 blocos &#8211; R$ Consulte Receitu\u00e1rios de [&hellip;]<\/p>\n","protected":false},"author":1,"featured_media":0,"parent":42,"menu_order":0,"comment_status":"closed","ping_status":"closed","template":"","meta":{"footnotes":""},"class_list":["post-220","page","type-page","status-publish","hentry"],"_links":{"self":[{"href":"https:\/\/graficaimagemprint.com.br\/index.php?rest_route=\/wp\/v2\/pages\/220","targetHints":{"allow":["GET"]}}],"collection":[{"href":"https:\/\/graficaimagemprint.com.br\/index.php?rest_route=\/wp\/v2\/pages"}],"about":[{"href":"https:\/\/graficaimagemprint.com.br\/index.php?rest_route=\/wp\/v2\/types\/page"}],"author":[{"embeddable":true,"href":"https:\/\/graficaimagemprint.com.br\/index.php?rest_route=\/wp\/v2\/users\/1"}],"replies":[{"embeddable":true,"href":"https:\/\/graficaimagemprint.com.br\/index.php?rest_route=%2Fwp%2Fv2%2Fcomments&post=220"}],"version-history":[{"count":9,"href":"https:\/\/graficaimagemprint.com.br\/index.php?rest_route=\/wp\/v2\/pages\/220\/revisions"}],"predecessor-version":[{"id":651,"href":"https:\/\/graficaimagemprint.com.br\/index.php?rest_route=\/wp\/v2\/pages\/220\/revisions\/651"}],"up":[{"embeddable":true,"href":"https:\/\/graficaimagemprint.com.br\/index.php?rest_route=\/wp\/v2\/pages\/42"}],"wp:attachment":[{"href":"https:\/\/graficaimagemprint.com.br\/index.php?rest_route=%2Fwp%2Fv2%2Fmedia&parent=220"}],"curies":[{"name":"wp","href":"https:\/\/api.w.org\/{rel}","templated":true}]}}