	{"id":214,"date":"2013-08-04T11:05:57","date_gmt":"2013-08-04T14:05:57","guid":{"rendered":"http:\/\/graficaimagemprint.com.br\/?page_id=214"},"modified":"2016-07-12T16:46:51","modified_gmt":"2016-07-12T19:46:51","slug":"encarte","status":"publish","type":"page","link":"https:\/\/graficaimagemprint.com.br\/?page_id=214","title":{"rendered":"Encarte"},"content":{"rendered":"<h5 style=\"text-align: center;\"><strong>Uma \u00f3tima op\u00e7\u00e3o para dilvulga\u00e7\u00e3o de ofertas para mercados, lojas de m\u00f3veis, lojas de carros, farm\u00e1cias, com\u00e9rcio em geral, levando a casa de seus clientes suas ofertas e promo\u00e7\u00f5es!!!<\/strong><\/h5>\n<div id=\"attachment_240\" style=\"width: 306px\" class=\"wp-caption alignleft\"><a href=\"https:\/\/graficaimagemprint.com.br\/wp-content\/uploads\/2013\/08\/Encarte.png\"><img loading=\"lazy\" decoding=\"async\" aria-describedby=\"caption-attachment-240\" class=\" wp-image-240 \" title=\"Encarte A4\" src=\"https:\/\/graficaimagemprint.com.br\/wp-content\/uploads\/2013\/08\/Encarte.png\" alt=\"Encarte\" width=\"296\" height=\"245\" srcset=\"https:\/\/graficaimagemprint.com.br\/wp-content\/uploads\/2013\/08\/Encarte.png 914w, https:\/\/graficaimagemprint.com.br\/wp-content\/uploads\/2013\/08\/Encarte-300x247.png 300w\" sizes=\"auto, (max-width: 296px) 100vw, 296px\" \/><\/a><p id=\"caption-attachment-240\" class=\"wp-caption-text\">Encarte A4<\/p><\/div>\n<h3 style=\"text-align: center;\"><span style=\"color: #0000ff;\"><strong>\u00a0Encarte A4<\/strong><\/span><\/h3>\n<address style=\"text-align: center;\"><em>-impress\u00e3o 4&#215;4 cores<\/em><\/address>\n<address style=\"text-align: center;\"><em>-papel couche 90gr<\/em><\/address>\n<address style=\"text-align: center;\"><em>-tamanho A4<\/em><\/address>\n<h5 style=\"text-align: center;\"><strong><span style=\"color: #ff00ff;\">5.000 und. &#8211; consulte<\/span><\/strong><\/h5>\n<h5 style=\"text-align: center;\"><strong><span style=\"color: #ff00ff;\">10.000 und. &#8211; consulte<\/span><\/strong><\/h5>\n<h5 style=\"text-align: center;\"><strong><span style=\"color: #ff00ff;\">\u00a0<\/span><\/strong><\/h5>\n","protected":false},"excerpt":{"rendered":"<p>Uma \u00f3tima op\u00e7\u00e3o para dilvulga\u00e7\u00e3o de ofertas para mercados, lojas de m\u00f3veis, lojas de carros, farm\u00e1cias, com\u00e9rcio em geral, levando a casa de seus clientes suas ofertas e promo\u00e7\u00f5es!!! \u00a0Encarte A4 -impress\u00e3o 4&#215;4 cores -papel couche 90gr -tamanho A4 5.000 und. &#8211; consulte 10.000 und. &#8211; consulte \u00a0<\/p>\n","protected":false},"author":1,"featured_media":0,"parent":42,"menu_order":0,"comment_status":"closed","ping_status":"closed","template":"","meta":{"footnotes":""},"class_list":["post-214","page","type-page","status-publish","hentry"],"_links":{"self":[{"href":"https:\/\/graficaimagemprint.com.br\/index.php?rest_route=\/wp\/v2\/pages\/214","targetHints":{"allow":["GET"]}}],"collection":[{"href":"https:\/\/graficaimagemprint.com.br\/index.php?rest_route=\/wp\/v2\/pages"}],"about":[{"href":"https:\/\/graficaimagemprint.com.br\/index.php?rest_route=\/wp\/v2\/types\/page"}],"author":[{"embeddable":true,"href":"https:\/\/graficaimagemprint.com.br\/index.php?rest_route=\/wp\/v2\/users\/1"}],"replies":[{"embeddable":true,"href":"https:\/\/graficaimagemprint.com.br\/index.php?rest_route=%2Fwp%2Fv2%2Fcomments&post=214"}],"version-history":[{"count":5,"href":"https:\/\/graficaimagemprint.com.br\/index.php?rest_route=\/wp\/v2\/pages\/214\/revisions"}],"predecessor-version":[{"id":499,"href":"https:\/\/graficaimagemprint.com.br\/index.php?rest_route=\/wp\/v2\/pages\/214\/revisions\/499"}],"up":[{"embeddable":true,"href":"https:\/\/graficaimagemprint.com.br\/index.php?rest_route=\/wp\/v2\/pages\/42"}],"wp:attachment":[{"href":"https:\/\/graficaimagemprint.com.br\/index.php?rest_route=%2Fwp%2Fv2%2Fmedia&parent=214"}],"curies":[{"name":"wp","href":"https:\/\/api.w.org\/{rel}","templated":true}]}}