	{"id":200,"date":"2013-08-04T10:49:50","date_gmt":"2013-08-04T13:49:50","guid":{"rendered":"http:\/\/graficaimagemprint.com.br\/?page_id=200"},"modified":"2013-08-14T12:34:33","modified_gmt":"2013-08-14T15:34:33","slug":"impressos-para-festas","status":"publish","type":"page","link":"https:\/\/graficaimagemprint.com.br\/?page_id=200","title":{"rendered":"Impressos para festas"},"content":{"rendered":"<p style=\"text-align: center;\"><span style=\"color: #00ccff;\"><strong><span style=\"color: #ff00ff;\">Quer deixar sua Festa Linda e muito Especial?!?!<\/span> <\/strong><\/span><\/p>\n<p style=\"text-align: center;\"><span style=\"color: #3366ff;\"><strong>Confira nossos impressos personalizados, com certeza seus convidados ir\u00e3o adorar<\/strong><\/span><\/p>\n<p style=\"text-align: center;\"><span style=\"color: #3366ff;\"><strong>e sua Festa ficar\u00e1 um evento exclusivo!!!<\/strong><\/span><\/p>\n<p style=\"text-align: center;\"><span style=\"color: #3366ff;\"><strong>Fazemos com <span style=\"color: #ff00ff;\">qualquer tema<\/span>, \u00e9 s\u00f3 escolher os itens em nossas sugest\u00f5es nos enviar os dados (tema, nome e idade, data&#8230;) que montamos os modelos para sua aprova\u00e7\u00e3o, o <span style=\"color: #993366;\">pedido m\u00ednimo por modelo \u00e9 de 30 unidades<\/span>. Podemos montar outras op\u00e7\u00f5es de impressos conforme sua necessidade.<\/strong><\/span><\/p>\n<p style=\"text-align: center;\"><strong>Enviamos para Todo o Brasil via Correios<\/strong><\/p>\n<p>&nbsp;<\/p>\n<div id=\"attachment_310\" style=\"width: 239px\" class=\"wp-caption alignleft\"><a href=\"https:\/\/graficaimagemprint.com.br\/wp-content\/uploads\/2013\/08\/rotulo-batom.png\"><img loading=\"lazy\" decoding=\"async\" aria-describedby=\"caption-attachment-310\" class=\" wp-image-310    \" title=\"R\u00f3tulo para Batom\" alt=\"rotulo batom\" src=\"https:\/\/graficaimagemprint.com.br\/wp-content\/uploads\/2013\/08\/rotulo-batom.png\" width=\"229\" height=\"204\" srcset=\"https:\/\/graficaimagemprint.com.br\/wp-content\/uploads\/2013\/08\/rotulo-batom.png 543w, https:\/\/graficaimagemprint.com.br\/wp-content\/uploads\/2013\/08\/rotulo-batom-300x267.png 300w\" sizes=\"auto, (max-width: 229px) 100vw, 229px\" \/><\/a><p id=\"caption-attachment-310\" class=\"wp-caption-text\">R\u00f3tulo para Batom<\/p><\/div>\n<h3 style=\"text-align: left;\"><strong>\u00a0<\/strong><\/h3>\n<p style=\"text-align: left;\"><strong>R\u00f3tulo para Batom<\/strong><\/p>\n<p style=\"text-align: left;\">-papel adesivo<\/p>\n<h4 style=\"text-align: left;\"><strong>R$ 0,65 unidade<\/strong><\/h4>\n<p>&nbsp;<\/p>\n<p>&nbsp;<\/p>\n<p>&nbsp;<\/p>\n<p>&nbsp;<\/p>\n<p>&nbsp;<\/p>\n<div id=\"attachment_338\" style=\"width: 238px\" class=\"wp-caption alignleft\"><a href=\"https:\/\/graficaimagemprint.com.br\/wp-content\/uploads\/2013\/08\/r\u00f3tulo-para-bis.png\"><img loading=\"lazy\" decoding=\"async\" aria-describedby=\"caption-attachment-338\" class=\" wp-image-338  \" title=\"R\u00f3tulo para Bis\" alt=\"r\u00f3tulo para bis\" src=\"https:\/\/graficaimagemprint.com.br\/wp-content\/uploads\/2013\/08\/r\u00f3tulo-para-bis.png\" width=\"228\" height=\"203\" srcset=\"https:\/\/graficaimagemprint.com.br\/wp-content\/uploads\/2013\/08\/r\u00f3tulo-para-bis.png 543w, https:\/\/graficaimagemprint.com.br\/wp-content\/uploads\/2013\/08\/r\u00f3tulo-para-bis-300x267.png 300w\" sizes=\"auto, (max-width: 228px) 100vw, 228px\" \/><\/a><p id=\"caption-attachment-338\" class=\"wp-caption-text\">R\u00f3tulo para Bis<\/p><\/div>\n<p>&nbsp;<\/p>\n<p><strong>R\u00f3tulo para Bis<\/strong><\/p>\n<p>-papel adesivo<\/p>\n<h4><strong>R$ 0,65 unidade<\/strong><\/h4>\n<p>&nbsp;<\/p>\n<p>&nbsp;<\/p>\n<p>&nbsp;<\/p>\n<p>&nbsp;<\/p>\n<p>&nbsp;<\/p>\n<div id=\"attachment_340\" style=\"width: 238px\" class=\"wp-caption alignleft\"><a href=\"https:\/\/graficaimagemprint.com.br\/wp-content\/uploads\/2013\/08\/r\u00f3tulo-pirulito-mastig\u00e1vel.png\"><img loading=\"lazy\" decoding=\"async\" aria-describedby=\"caption-attachment-340\" class=\" wp-image-340  \" title=\"R\u00f3tulo para Pirulito Mastig\u00e1vel\" alt=\"r\u00f3tulo pirulito mastig\u00e1vel\" src=\"https:\/\/graficaimagemprint.com.br\/wp-content\/uploads\/2013\/08\/r\u00f3tulo-pirulito-mastig\u00e1vel.png\" width=\"228\" height=\"203\" srcset=\"https:\/\/graficaimagemprint.com.br\/wp-content\/uploads\/2013\/08\/r\u00f3tulo-pirulito-mastig\u00e1vel.png 543w, https:\/\/graficaimagemprint.com.br\/wp-content\/uploads\/2013\/08\/r\u00f3tulo-pirulito-mastig\u00e1vel-300x267.png 300w\" sizes=\"auto, (max-width: 228px) 100vw, 228px\" \/><\/a><p id=\"caption-attachment-340\" class=\"wp-caption-text\">R\u00f3tulo para Pirulito Mastig\u00e1vel<\/p><\/div>\n<p>&nbsp;<\/p>\n<p><strong>R\u00f3tulo para Pirulito Mastig\u00e1vel<br \/>\n<\/strong><\/p>\n<p>-papel adesivo<\/p>\n<h4><strong>R$ 0,75 unidade<\/strong><\/h4>\n<p>&nbsp;<\/p>\n<p>&nbsp;<\/p>\n<p>&nbsp;<\/p>\n<p>&nbsp;<\/p>\n<p>&nbsp;<\/p>\n<div id=\"attachment_333\" style=\"width: 237px\" class=\"wp-caption alignleft\"><a href=\"https:\/\/graficaimagemprint.com.br\/wp-content\/uploads\/2013\/08\/rotulo-mms.png\"><img loading=\"lazy\" decoding=\"async\" aria-describedby=\"caption-attachment-333\" class=\" wp-image-333  \" title=\"R\u00f3tulo para Mini M&amp;M's\" alt=\"rotulo m&amp;m's\" src=\"https:\/\/graficaimagemprint.com.br\/wp-content\/uploads\/2013\/08\/rotulo-mms.png\" width=\"227\" height=\"202\" srcset=\"https:\/\/graficaimagemprint.com.br\/wp-content\/uploads\/2013\/08\/rotulo-mms.png 540w, https:\/\/graficaimagemprint.com.br\/wp-content\/uploads\/2013\/08\/rotulo-mms-300x267.png 300w\" sizes=\"auto, (max-width: 227px) 100vw, 227px\" \/><\/a><p id=\"caption-attachment-333\" class=\"wp-caption-text\">R\u00f3tulo para Mini M&amp;M&#8217;s<\/p><\/div>\n<p>&nbsp;<\/p>\n<p><strong>R\u00f3tulo para Mini M&amp;M&#8217;s<br \/>\n<\/strong><\/p>\n<p>-papel adesivo<\/p>\n<h4><strong>R$ 0,95 unidade<\/strong><\/h4>\n<p>&nbsp;<\/p>\n<p>&nbsp;<\/p>\n<p>&nbsp;<\/p>\n<p>&nbsp;<\/p>\n<p>&nbsp;<\/p>\n<div id=\"attachment_314\" style=\"width: 239px\" class=\"wp-caption alignleft\"><a href=\"https:\/\/graficaimagemprint.com.br\/wp-content\/uploads\/2013\/08\/rotulo-tic-tac.png\"><img loading=\"lazy\" decoding=\"async\" aria-describedby=\"caption-attachment-314\" class=\" wp-image-314    \" title=\"R\u00f3tulo para Tic Tac\" alt=\"rotulo tic tac\" src=\"https:\/\/graficaimagemprint.com.br\/wp-content\/uploads\/2013\/08\/rotulo-tic-tac.png\" width=\"229\" height=\"203\" srcset=\"https:\/\/graficaimagemprint.com.br\/wp-content\/uploads\/2013\/08\/rotulo-tic-tac.png 543w, https:\/\/graficaimagemprint.com.br\/wp-content\/uploads\/2013\/08\/rotulo-tic-tac-300x267.png 300w\" sizes=\"auto, (max-width: 229px) 100vw, 229px\" \/><\/a><p id=\"caption-attachment-314\" class=\"wp-caption-text\">R\u00f3tulo para Tic Tac<\/p><\/div>\n<p>&nbsp;<\/p>\n<p><strong>R\u00f3tulo para Tic Tac<br \/>\n<\/strong><\/p>\n<p>-papel adesivo<\/p>\n<h4><strong>R$ 0,65 unidade<\/strong><\/h4>\n<p>&nbsp;<\/p>\n<p>&nbsp;<\/p>\n<p>&nbsp;<\/p>\n<p>&nbsp;<\/p>\n<p>&nbsp;<\/p>\n<div id=\"attachment_315\" style=\"width: 240px\" class=\"wp-caption alignleft\"><img loading=\"lazy\" decoding=\"async\" aria-describedby=\"caption-attachment-315\" class=\"wp-image-315 \" title=\"R\u00f3tulo para Refrigerante\" alt=\"rotulo para coca cola\" src=\"https:\/\/graficaimagemprint.com.br\/wp-content\/uploads\/2013\/08\/rotulo-para-coca-cola.png\" width=\"230\" height=\"203\" \/><p id=\"caption-attachment-315\" class=\"wp-caption-text\">R\u00f3tulo para Refrigerante<\/p><\/div>\n<p>&nbsp;<\/p>\n<p><strong>R\u00f3tulo para Refrigerante 250nl<br \/>\n<\/strong><\/p>\n<p>-papel adesivo<\/p>\n<h4><strong>R$ 1,25 unidade<\/strong><\/h4>\n<p>&nbsp;<\/p>\n<p>&nbsp;<\/p>\n<p>&nbsp;<\/p>\n<p>&nbsp;<\/p>\n<p>&nbsp;<\/p>\n<div id=\"attachment_319\" style=\"width: 239px\" class=\"wp-caption alignleft\"><a href=\"https:\/\/graficaimagemprint.com.br\/wp-content\/uploads\/2013\/08\/R\u00f3tulo-Tubete-13cm.png\"><img loading=\"lazy\" decoding=\"async\" aria-describedby=\"caption-attachment-319\" class=\" wp-image-319     \" title=\"R\u00f3tulo para Tubo de Ensaio de 13cm\" alt=\"R\u00f3tulo Tubete 13cm\" src=\"https:\/\/graficaimagemprint.com.br\/wp-content\/uploads\/2013\/08\/R\u00f3tulo-Tubete-13cm.png\" width=\"229\" height=\"203\" srcset=\"https:\/\/graficaimagemprint.com.br\/wp-content\/uploads\/2013\/08\/R\u00f3tulo-Tubete-13cm.png 543w, https:\/\/graficaimagemprint.com.br\/wp-content\/uploads\/2013\/08\/R\u00f3tulo-Tubete-13cm-300x267.png 300w\" sizes=\"auto, (max-width: 229px) 100vw, 229px\" \/><\/a><p id=\"caption-attachment-319\" class=\"wp-caption-text\">R\u00f3tulo para Tubo de Ensaio de 13cm<\/p><\/div>\n<p>&nbsp;<\/p>\n<p><strong>R\u00f3tulo para Tubo de Ensaio de 13cm<br \/>\n<\/strong><\/p>\n<p>-papel adesivo<\/p>\n<h4><strong>R$ 0,85 unidade<\/strong><\/h4>\n<p>&nbsp;<\/p>\n<p>&nbsp;<\/p>\n<p>&nbsp;<\/p>\n<p>&nbsp;<\/p>\n<p>&nbsp;<\/p>\n<div id=\"attachment_321\" style=\"width: 238px\" class=\"wp-caption alignleft\"><a href=\"https:\/\/graficaimagemprint.com.br\/wp-content\/uploads\/2013\/08\/adesivo-latinha.png\"><img loading=\"lazy\" decoding=\"async\" aria-describedby=\"caption-attachment-321\" class=\" wp-image-321  \" title=\"Etiqueta para latinha 5cm\" alt=\"adesivo latinha\" src=\"https:\/\/graficaimagemprint.com.br\/wp-content\/uploads\/2013\/08\/adesivo-latinha.png\" width=\"228\" height=\"203\" srcset=\"https:\/\/graficaimagemprint.com.br\/wp-content\/uploads\/2013\/08\/adesivo-latinha.png 543w, https:\/\/graficaimagemprint.com.br\/wp-content\/uploads\/2013\/08\/adesivo-latinha-300x267.png 300w\" sizes=\"auto, (max-width: 228px) 100vw, 228px\" \/><\/a><p id=\"caption-attachment-321\" class=\"wp-caption-text\">Etiqueta para Latinha 5cm<br \/>Corte Especial<\/p><\/div>\n<p>&nbsp;<\/p>\n<p><strong>Etiqueta para Latinha 5cm Corte Especial<br \/>\n<\/strong><\/p>\n<p>-papel adesivo<\/p>\n<h4><strong>R$ 0,70 unidade<\/strong><\/h4>\n<p>&nbsp;<\/p>\n<p>&nbsp;<\/p>\n<p>&nbsp;<\/p>\n<p>&nbsp;<\/p>\n<p>&nbsp;<\/p>\n<p>&nbsp;<\/p>\n<div id=\"attachment_318\" style=\"width: 238px\" class=\"wp-caption alignleft\"><a href=\"https:\/\/graficaimagemprint.com.br\/wp-content\/uploads\/2013\/08\/topper-cup-cake.png\"><img loading=\"lazy\" decoding=\"async\" aria-describedby=\"caption-attachment-318\" class=\" wp-image-318  \" title=\"Topper para Cupcake\" alt=\"topper cup cake\" src=\"https:\/\/graficaimagemprint.com.br\/wp-content\/uploads\/2013\/08\/topper-cup-cake.png\" width=\"228\" height=\"203\" srcset=\"https:\/\/graficaimagemprint.com.br\/wp-content\/uploads\/2013\/08\/topper-cup-cake.png 543w, https:\/\/graficaimagemprint.com.br\/wp-content\/uploads\/2013\/08\/topper-cup-cake-300x267.png 300w\" sizes=\"auto, (max-width: 228px) 100vw, 228px\" \/><\/a><p id=\"caption-attachment-318\" class=\"wp-caption-text\">Topper para Cupcake<\/p><\/div>\n<p>&nbsp;<\/p>\n<p><strong>Topper para Cupcake<br \/>\n<\/strong><\/p>\n<p>-papel couche<\/p>\n<p>-5cm de di\u00e2metro<\/p>\n<p>-corte especial<\/p>\n<h4><strong>R$ 0,75 unidade<\/strong><\/h4>\n<p>&nbsp;<\/p>\n<p>&nbsp;<\/p>\n<p>&nbsp;<\/p>\n<div id=\"attachment_336\" style=\"width: 238px\" class=\"wp-caption alignleft\"><a href=\"https:\/\/graficaimagemprint.com.br\/wp-content\/uploads\/2013\/08\/lapela-para-balas.png\"><img loading=\"lazy\" decoding=\"async\" aria-describedby=\"caption-attachment-336\" class=\" wp-image-336  \" title=\"Lapela para Saquinho de Balas\" alt=\"lapela para balas\" src=\"https:\/\/graficaimagemprint.com.br\/wp-content\/uploads\/2013\/08\/lapela-para-balas.png\" width=\"228\" height=\"203\" srcset=\"https:\/\/graficaimagemprint.com.br\/wp-content\/uploads\/2013\/08\/lapela-para-balas.png 543w, https:\/\/graficaimagemprint.com.br\/wp-content\/uploads\/2013\/08\/lapela-para-balas-300x267.png 300w\" sizes=\"auto, (max-width: 228px) 100vw, 228px\" \/><\/a><p id=\"caption-attachment-336\" class=\"wp-caption-text\">Lapela para Saquinho de Balas<\/p><\/div>\n<p>&nbsp;<\/p>\n<p><strong>Lapela para saquinho de Balas<br \/>\n<\/strong><\/p>\n<p>-papel couche<\/p>\n<p>-tamanho 10x7cm (aberta)<\/p>\n<h4><strong>R$ 1,20 unidade<\/strong><\/h4>\n<p>&nbsp;<\/p>\n<p>&nbsp;<\/p>\n<p>&nbsp;<\/p>\n<p>&nbsp;<\/p>\n<div id=\"attachment_337\" style=\"width: 238px\" class=\"wp-caption alignleft\"><a href=\"https:\/\/graficaimagemprint.com.br\/wp-content\/uploads\/2013\/08\/tag-recorte.png\"><img loading=\"lazy\" decoding=\"async\" aria-describedby=\"caption-attachment-337\" class=\" wp-image-337   \" title=\"Tag Recorte Especial\" alt=\"tag recorte\" src=\"https:\/\/graficaimagemprint.com.br\/wp-content\/uploads\/2013\/08\/tag-recorte.png\" width=\"228\" height=\"203\" srcset=\"https:\/\/graficaimagemprint.com.br\/wp-content\/uploads\/2013\/08\/tag-recorte.png 543w, https:\/\/graficaimagemprint.com.br\/wp-content\/uploads\/2013\/08\/tag-recorte-300x267.png 300w\" sizes=\"auto, (max-width: 228px) 100vw, 228px\" \/><\/a><p id=\"caption-attachment-337\" class=\"wp-caption-text\">Tag Recorte Especial<\/p><\/div>\n<p>&nbsp;<\/p>\n<p><strong>Tag Recorte Especial<br \/>\n<\/strong><\/p>\n<p>-papel couche<\/p>\n<p>-5cm de di\u00e2metro<\/p>\n<p>-com furo (n\u00e3o acompanha fita)<\/p>\n<h4><strong>R$ 0,75 unidade<\/strong><\/h4>\n<p>&nbsp;<\/p>\n<p>&nbsp;<\/p>\n<p>&nbsp;<\/p>\n<div id=\"attachment_339\" style=\"width: 238px\" class=\"wp-caption alignleft\"><a href=\"https:\/\/graficaimagemprint.com.br\/wp-content\/uploads\/2013\/08\/r\u00f3tulo-para-gelatina.png\"><img loading=\"lazy\" decoding=\"async\" aria-describedby=\"caption-attachment-339\" class=\" wp-image-339  \" title=\"R\u00f3tulo para Gelatina\" alt=\"r\u00f3tulo para gelatina\" src=\"https:\/\/graficaimagemprint.com.br\/wp-content\/uploads\/2013\/08\/r\u00f3tulo-para-gelatina.png\" width=\"228\" height=\"203\" srcset=\"https:\/\/graficaimagemprint.com.br\/wp-content\/uploads\/2013\/08\/r\u00f3tulo-para-gelatina.png 543w, https:\/\/graficaimagemprint.com.br\/wp-content\/uploads\/2013\/08\/r\u00f3tulo-para-gelatina-300x267.png 300w\" sizes=\"auto, (max-width: 228px) 100vw, 228px\" \/><\/a><p id=\"caption-attachment-339\" class=\"wp-caption-text\">R\u00f3tulo para Gelatina<\/p><\/div>\n<p>&nbsp;<\/p>\n<p><strong>R\u00f3tulo para Gelatina<br \/>\n<\/strong><\/p>\n<p>-papel adesivo<\/p>\n<h4><strong>R$ 0,60 unidade<\/strong><\/h4>\n<p>&nbsp;<\/p>\n<p>&nbsp;<\/p>\n<p>&nbsp;<\/p>\n<p>&nbsp;<\/p>\n<p>&nbsp;<\/p>\n<div id=\"attachment_320\" style=\"width: 238px\" class=\"wp-caption alignleft\"><a href=\"https:\/\/graficaimagemprint.com.br\/wp-content\/uploads\/2013\/08\/revistinha-colorir.png\"><img loading=\"lazy\" decoding=\"async\" aria-describedby=\"caption-attachment-320\" class=\" wp-image-320  \" title=\"Revista para Colorir\" alt=\"revistinha colorir\" src=\"https:\/\/graficaimagemprint.com.br\/wp-content\/uploads\/2013\/08\/revistinha-colorir.png\" width=\"228\" height=\"203\" srcset=\"https:\/\/graficaimagemprint.com.br\/wp-content\/uploads\/2013\/08\/revistinha-colorir.png 543w, https:\/\/graficaimagemprint.com.br\/wp-content\/uploads\/2013\/08\/revistinha-colorir-300x267.png 300w\" sizes=\"auto, (max-width: 228px) 100vw, 228px\" \/><\/a><p id=\"caption-attachment-320\" class=\"wp-caption-text\">Revista para Colorir<\/p><\/div>\n<p>&nbsp;<\/p>\n<p><strong>Revista para Colorir<br \/>\n<\/strong><\/p>\n<p>-\u00d3TIMA LEMBRANCINHA<\/p>\n<p>-tamanho 14x20cm<\/p>\n<p>-12 p\u00e1ginas internas com desenhos para colorir<\/p>\n<h4><strong>R$ 5,00 unidade<\/strong><\/h4>\n<p>&nbsp;<\/p>\n<p>&nbsp;<\/p>\n<p>&nbsp;<\/p>\n<div id=\"attachment_335\" style=\"width: 238px\" class=\"wp-caption alignleft\"><a href=\"https:\/\/graficaimagemprint.com.br\/wp-content\/uploads\/2013\/08\/numera\u00e7\u00e3o-para-mesa.png\"><img loading=\"lazy\" decoding=\"async\" aria-describedby=\"caption-attachment-335\" class=\" wp-image-335  \" title=\"Numera\u00e7\u00e3o para Mesa\" alt=\"numera\u00e7\u00e3o para mesa\" src=\"https:\/\/graficaimagemprint.com.br\/wp-content\/uploads\/2013\/08\/numera\u00e7\u00e3o-para-mesa.png\" width=\"228\" height=\"203\" srcset=\"https:\/\/graficaimagemprint.com.br\/wp-content\/uploads\/2013\/08\/numera\u00e7\u00e3o-para-mesa.png 543w, https:\/\/graficaimagemprint.com.br\/wp-content\/uploads\/2013\/08\/numera\u00e7\u00e3o-para-mesa-300x267.png 300w\" sizes=\"auto, (max-width: 228px) 100vw, 228px\" \/><\/a><p id=\"caption-attachment-335\" class=\"wp-caption-text\">Numera\u00e7\u00e3o para Mesa<\/p><\/div>\n<p>&nbsp;<\/p>\n<p><strong>Numera\u00e7\u00e3o para Mesa<br \/>\n<\/strong><\/p>\n<p>-papel couche<\/p>\n<h4><strong>R$ 2,40 unidade<\/strong><\/h4>\n<p>&nbsp;<\/p>\n<p>&nbsp;<\/p>\n<p>&nbsp;<\/p>\n<p>&nbsp;<\/p>\n<p>&nbsp;<\/p>\n","protected":false},"excerpt":{"rendered":"<p>Quer deixar sua Festa Linda e muito Especial?!?! Confira nossos impressos personalizados, com certeza seus convidados ir\u00e3o adorar e sua Festa ficar\u00e1 um evento exclusivo!!! Fazemos com qualquer tema, \u00e9 s\u00f3 escolher os itens em nossas sugest\u00f5es nos enviar os dados (tema, nome e idade, data&#8230;) que montamos os modelos para sua aprova\u00e7\u00e3o, o pedido [&hellip;]<\/p>\n","protected":false},"author":1,"featured_media":0,"parent":0,"menu_order":3,"comment_status":"open","ping_status":"open","template":"","meta":{"footnotes":""},"class_list":["post-200","page","type-page","status-publish","hentry"],"_links":{"self":[{"href":"https:\/\/graficaimagemprint.com.br\/index.php?rest_route=\/wp\/v2\/pages\/200","targetHints":{"allow":["GET"]}}],"collection":[{"href":"https:\/\/graficaimagemprint.com.br\/index.php?rest_route=\/wp\/v2\/pages"}],"about":[{"href":"https:\/\/graficaimagemprint.com.br\/index.php?rest_route=\/wp\/v2\/types\/page"}],"author":[{"embeddable":true,"href":"https:\/\/graficaimagemprint.com.br\/index.php?rest_route=\/wp\/v2\/users\/1"}],"replies":[{"embeddable":true,"href":"https:\/\/graficaimagemprint.com.br\/index.php?rest_route=%2Fwp%2Fv2%2Fcomments&post=200"}],"version-history":[{"count":19,"href":"https:\/\/graficaimagemprint.com.br\/index.php?rest_route=\/wp\/v2\/pages\/200\/revisions"}],"predecessor-version":[{"id":343,"href":"https:\/\/graficaimagemprint.com.br\/index.php?rest_route=\/wp\/v2\/pages\/200\/revisions\/343"}],"wp:attachment":[{"href":"https:\/\/graficaimagemprint.com.br\/index.php?rest_route=%2Fwp%2Fv2%2Fmedia&parent=200"}],"curies":[{"name":"wp","href":"https:\/\/api.w.org\/{rel}","templated":true}]}}