	{"id":2,"date":"2013-07-25T02:07:08","date_gmt":"2013-07-25T02:07:08","guid":{"rendered":"http:\/\/graficaimagemprint.com.br\/?page_id=2"},"modified":"2017-07-05T11:46:31","modified_gmt":"2017-07-05T14:46:31","slug":"sobre","status":"publish","type":"page","link":"https:\/\/graficaimagemprint.com.br\/?page_id=2","title":{"rendered":"Quem Somos"},"content":{"rendered":"<p>Gr\u00e1fica Imagemprint atua em Porto Alegre na rua General Rondom, 740 Bairro Tristeza levando a voc\u00ea o que h\u00e1 de melhor em qualidade de impress\u00e3o gr\u00e1fica.<\/p>\n<p>Com atendimento personalizado e agilizado para voc\u00ea profissional decidido a divulgar sua marca com impressos de v\u00e1rios tipos, temos as mais variadas solu\u00e7\u00f5es em impressos para voc\u00ea.<\/p>\n","protected":false},"excerpt":{"rendered":"<p>Gr\u00e1fica Imagemprint atua em Porto Alegre na rua General Rondom, 740 Bairro Tristeza levando a voc\u00ea o que h\u00e1 de melhor em qualidade de impress\u00e3o gr\u00e1fica. Com atendimento personalizado e agilizado para voc\u00ea profissional decidido a divulgar sua marca com impressos de v\u00e1rios tipos, temos as mais variadas solu\u00e7\u00f5es em impressos para voc\u00ea.<\/p>\n","protected":false},"author":1,"featured_media":0,"parent":0,"menu_order":0,"comment_status":"closed","ping_status":"closed","template":"","meta":{"footnotes":""},"class_list":["post-2","page","type-page","status-publish","hentry"],"_links":{"self":[{"href":"https:\/\/graficaimagemprint.com.br\/index.php?rest_route=\/wp\/v2\/pages\/2","targetHints":{"allow":["GET"]}}],"collection":[{"href":"https:\/\/graficaimagemprint.com.br\/index.php?rest_route=\/wp\/v2\/pages"}],"about":[{"href":"https:\/\/graficaimagemprint.com.br\/index.php?rest_route=\/wp\/v2\/types\/page"}],"author":[{"embeddable":true,"href":"https:\/\/graficaimagemprint.com.br\/index.php?rest_route=\/wp\/v2\/users\/1"}],"replies":[{"embeddable":true,"href":"https:\/\/graficaimagemprint.com.br\/index.php?rest_route=%2Fwp%2Fv2%2Fcomments&post=2"}],"version-history":[{"count":6,"href":"https:\/\/graficaimagemprint.com.br\/index.php?rest_route=\/wp\/v2\/pages\/2\/revisions"}],"predecessor-version":[{"id":609,"href":"https:\/\/graficaimagemprint.com.br\/index.php?rest_route=\/wp\/v2\/pages\/2\/revisions\/609"}],"wp:attachment":[{"href":"https:\/\/graficaimagemprint.com.br\/index.php?rest_route=%2Fwp%2Fv2%2Fmedia&parent=2"}],"curies":[{"name":"wp","href":"https:\/\/api.w.org\/{rel}","templated":true}]}}